{"id":109,"date":"2025-07-15T00:32:24","date_gmt":"2025-07-15T00:32:24","guid":{"rendered":"https:\/\/vivendo.world\/?page_id=109"},"modified":"2025-07-24T15:20:15","modified_gmt":"2025-07-24T15:20:15","slug":"manifest","status":"publish","type":"page","link":"https:\/\/vivendo.world\/en\/manifest\/","title":{"rendered":"\ud83c\udf0f manifest vivendo.world (English version)"},"content":{"rendered":"<p>I don\u2019t follow pre made routes.<br>Or borrowed maps.<br>What guides me can\u2019t be tracked by GPS.<br>It\u2019s the will to feel, to cross, to get lost, so I can find myself.<\/p>\n\n\n\n<p>I carry only the essential:<br>a 10kg suitcase,<br>a laptop with Wi-Fi,<br>and a hunger to live everything with full presence.<\/p>\n\n\n\n<p>The world is my office,<br>landscapes are my teachers,<br>encounters are my mirrors,<br>and solitude my sacred temple.<\/p>\n\n\n\n<p>Here, stories aren\u2019t tourism.<strong>.<\/strong><br>They\u2019re soul territories.<br>They\u2019re experiences that transform me<br>and maybe, they\u2019ll touch you too.<\/p>\n\n\n\n<p>I write to remind myself (and maybe you) that:<br>Change is possible.<br>Lightness is courage.<br>Freedom is a daily choice.<br>And living, truly living, is the boldest act of rebellion.<\/p>\n\n\n\n<p>Esse \u00e9 meu caminho em movimento.<br><strong>Living the world. Living myself.<\/strong><\/p>\n\n\n\n<p>Welcome aboard.<\/p>\n\n\n\n<div class=\"wp-block-buttons alignfull is-content-justification-center is-layout-flex wp-container-core-buttons-is-layout-a89b3969 wp-block-buttons-is-layout-flex\">\n<div class=\"wp-block-button is-style-fill\"><a class=\"wp-block-button__link has-text-align-center wp-element-button\" href=\"https:\/\/vivendo.world\/en\/augusto-spineli-2\/\">\ud83e\udded The Nomad behind the words<\/a><\/div>\n<\/div>\n\n\n\n<blockquote class=\"wp-block-quote is-layout-flow wp-block-quote-is-layout-flow\">\n<p class=\"has-text-align-center\">About me? Just a teaser of someone who ditched the script to write his own chaos.<\/p>\n<\/blockquote>","protected":false},"excerpt":{"rendered":"<p>Eu n\u00e3o sigo rotas prontas.Nem mapas alheios.O que me guia n\u00e3o cabe no GPS.\u00c9 a vontade de sentir, atravessar e me perder pra me encontrar. Levo comigo o essencial:uma mala de 10kg,um laptop com Wi-Fie a fome de viver tudo com presen\u00e7a. Fa\u00e7o do mundo meu escrit\u00f3rio,das paisagens meus mestres,dos encontros meus espelhos,e da solitude, [&hellip;]<\/p>","protected":false},"author":2,"featured_media":0,"parent":0,"menu_order":0,"comment_status":"closed","ping_status":"closed","template":"","meta":{"episode_type":"","audio_file":"","podmotor_file_id":"","podmotor_episode_id":"","cover_image":"","cover_image_id":"","duration":"","filesize":"","filesize_raw":"","date_recorded":"","explicit":"","block":"","itunes_episode_number":"","itunes_title":"","itunes_season_number":"","itunes_episode_type":"","footnotes":""},"class_list":["post-109","page","type-page","status-publish","hentry"],"_links":{"self":[{"href":"https:\/\/vivendo.world\/en\/wp-json\/wp\/v2\/pages\/109","targetHints":{"allow":["GET"]}}],"collection":[{"href":"https:\/\/vivendo.world\/en\/wp-json\/wp\/v2\/pages"}],"about":[{"href":"https:\/\/vivendo.world\/en\/wp-json\/wp\/v2\/types\/page"}],"author":[{"embeddable":true,"href":"https:\/\/vivendo.world\/en\/wp-json\/wp\/v2\/users\/2"}],"replies":[{"embeddable":true,"href":"https:\/\/vivendo.world\/en\/wp-json\/wp\/v2\/comments?post=109"}],"version-history":[{"count":14,"href":"https:\/\/vivendo.world\/en\/wp-json\/wp\/v2\/pages\/109\/revisions"}],"predecessor-version":[{"id":316,"href":"https:\/\/vivendo.world\/en\/wp-json\/wp\/v2\/pages\/109\/revisions\/316"}],"wp:attachment":[{"href":"https:\/\/vivendo.world\/en\/wp-json\/wp\/v2\/media?parent=109"}],"curies":[{"name":"wp","href":"https:\/\/api.w.org\/{rel}","templated":true}]}}