{"id":206,"date":"2025-07-21T07:06:05","date_gmt":"2025-07-21T07:06:05","guid":{"rendered":"https:\/\/vivendo.world\/?page_id=206"},"modified":"2025-07-25T05:12:15","modified_gmt":"2025-07-25T05:12:15","slug":"augusto-spineli-2","status":"publish","type":"page","link":"https:\/\/vivendo.world\/en\/augusto-spineli-2\/","title":{"rendered":"Hello! I'm Augusto Spineli \u2014 nice to meet you! \ud83d\udc4b"},"content":{"rendered":"<p>I was born in Tabatinga, Brazil, back in \u201993. I\u2019m a Buddhist. Since 2021, I\u2019ve been living a nomadic life, been to 20+ countries so far, and as far as I know, my current zip code is somewhere in Asia.<\/p>\n\n\n\n<p>I used to be a miserable corporate drone (and not in a good way), got featured in <a href=\"https:\/\/www.em.com.br\/app\/noticia\/economia\/mf-press\/2020\/06\/20\/mf_press_economia_economia,1158445\/empreendedor-mira-na-igualdade-de-genero-para-criar-plataforma-que-apo.shtml\" data-type=\"link\" data-id=\"https:\/\/www.em.com.br\/app\/noticia\/economia\/mf-press\/2020\/06\/20\/mf_press_economia_economia,1158445\/empreendedor-mira-na-igualdade-de-genero-para-criar-plataforma-que-apo.shtml\" target=\"_blank\" rel=\"noreferrer noopener\">Estad\u00e3o de Minas as the founder of a tech startup<\/a>teamed up with so-called \u201ccelebrity\u201d influencers on campaigns, and I\u2019ve worked on over 100 projects including brands like Nestl\u00e9, P&amp;G, 99, BIC, and Porto Seguro all while traveling.<\/p>\n\n\n\n<figure class=\"wp-block-image size-large\"><img loading=\"lazy\" decoding=\"async\" width=\"768\" height=\"1024\" src=\"https:\/\/vivendo.world\/wp-content\/uploads\/2025\/07\/Augusto-Spineli-Google-Sao-Paulo-scaled-2-1-768x1024.webp\" alt=\"Augusto-Spineli-Google-Sao-Paulo\" class=\"wp-image-238\" srcset=\"https:\/\/vivendo.world\/wp-content\/uploads\/2025\/07\/Augusto-Spineli-Google-Sao-Paulo-scaled-2-1-768x1024.webp 768w, https:\/\/vivendo.world\/wp-content\/uploads\/2025\/07\/Augusto-Spineli-Google-Sao-Paulo-scaled-2-1-225x300.webp 225w, https:\/\/vivendo.world\/wp-content\/uploads\/2025\/07\/Augusto-Spineli-Google-Sao-Paulo-scaled-2-1-1152x1536.webp 1152w, https:\/\/vivendo.world\/wp-content\/uploads\/2025\/07\/Augusto-Spineli-Google-Sao-Paulo-scaled-2-1-1536x2048.webp 1536w, https:\/\/vivendo.world\/wp-content\/uploads\/2025\/07\/Augusto-Spineli-Google-Sao-Paulo-scaled-2-1-9x12.webp 9w, https:\/\/vivendo.world\/wp-content\/uploads\/2025\/07\/Augusto-Spineli-Google-Sao-Paulo-scaled-2-1-640x853.webp 640w, https:\/\/vivendo.world\/wp-content\/uploads\/2025\/07\/Augusto-Spineli-Google-Sao-Paulo-scaled-2-1-150x200.webp 150w, https:\/\/vivendo.world\/wp-content\/uploads\/2025\/07\/Augusto-Spineli-Google-Sao-Paulo-scaled-2-1.webp 1920w\" sizes=\"auto, (max-width: 768px) 100vw, 768px\" \/><\/figure>\n\n\n\n<p>I was never comfortable with routine. Just the thought of following the script someone else wrote for my life gave me hives. So when discomfort turned into fuel, I left. Sold what I could, packed my stories, my fears and yeah, the kind of courage only someone who's really alive can feel.<\/p>\n\n\n\n<p>I road-tripped along Brazil\u2019s coastline for 140 days. Also got interviewed by <a href=\"https:\/\/youtu.be\/re1MR_B01G8?si=VZ4tndBWAi-ujMpq&amp;t=8\" data-type=\"link\" data-id=\"https:\/\/youtu.be\/re1MR_B01G8?si=VZ4tndBWAi-ujMpq&amp;t=8\" target=\"_blank\" rel=\"noopener\">SBT News about digital nomadism<\/a> while I was living in Bali \ud83c\uddee\ud83c\udde9 <\/p>\n\n\n\n<figure class=\"wp-block-embed is-type-video is-provider-youtube wp-block-embed-youtube wp-embed-aspect-16-9 wp-has-aspect-ratio\"><div class=\"wp-block-embed__wrapper\">\n<iframe loading=\"lazy\" title=\"Ilha da Indon\u00e9sia atrai turistas do mundo inteiro | #SBTNewsnaTV(04\/09\/23)\" width=\"500\" height=\"281\" src=\"https:\/\/www.youtube.com\/embed\/re1MR_B01G8?start=8&#038;feature=oembed\" frameborder=\"0\" allow=\"accelerometer; autoplay; clipboard-write; encrypted-media; gyroscope; picture-in-picture; web-share\" referrerpolicy=\"strict-origin-when-cross-origin\" allowfullscreen><\/iframe>\n<\/div><\/figure>\n\n\n\n<div style=\"height:46px\" aria-hidden=\"true\" class=\"wp-block-spacer\"><\/div>\n\n\n<blockquote class=\"instagram-media\" data-instgrm-permalink=\"https:\/\/www.instagram.com\/p\/CwNDW-Yyrh1\/?utm_source=ig_embed&amp;utm_campaign=loading\" data-instgrm-version=\"14\" style=\" background:#FFF; border:0; border-radius:3px; box-shadow:0 0 1px 0 rgba(0,0,0,0.5),0 1px 10px 0 rgba(0,0,0,0.15); margin: 1px; max-width:540px; min-width:326px; padding:0; width:99.375%; width:-webkit-calc(100% - 2px); width:calc(100% - 2px);\">\n<div style=\"padding:16px;\"> <a href=\"https:\/\/www.instagram.com\/p\/CwNDW-Yyrh1\/?utm_source=ig_embed&amp;utm_campaign=loading\" style=\" background:#FFFFFF; line-height:0; padding:0 0; text-align:center; text-decoration:none; width:100%;\" target=\"_blank\" rel=\"noopener\"> <\/p>\n<div style=\" display: flex; flex-direction: row; align-items: center;\">\n<div style=\"background-color: #F4F4F4; border-radius: 50%; flex-grow: 0; height: 40px; margin-right: 14px; width: 40px;\"><\/div>\n<div style=\"display: flex; flex-direction: column; flex-grow: 1; justify-content: center;\">\n<div style=\" background-color: #F4F4F4; border-radius: 4px; flex-grow: 0; height: 14px; margin-bottom: 6px; width: 100px;\"><\/div>\n<div style=\" background-color: #F4F4F4; border-radius: 4px; flex-grow: 0; height: 14px; width: 60px;\"><\/div>\n<\/div>\n<\/div>\n<div style=\"padding: 19% 0;\"><\/div>\n<div style=\"display:block; height:50px; margin:0 auto 12px; width:50px;\"><svg width=\"50px\" height=\"50px\" viewbox=\"0 0 60 60\" version=\"1.1\" xmlns=\"https:\/\/www.w3.org\/2000\/svg\" xmlns:xlink=\"https:\/\/www.w3.org\/1999\/xlink\"><g stroke=\"none\" stroke-width=\"1\" fill=\"none\" fill-rule=\"evenodd\"><g transform=\"translate(-511.000000, -20.000000)\" fill=\"#000000\"><g><path d=\"M556.869,30.41 C554.814,30.41 553.148,32.076 553.148,34.131 C553.148,36.186 554.814,37.852 556.869,37.852 C558.924,37.852 560.59,36.186 560.59,34.131 C560.59,32.076 558.924,30.41 556.869,30.41 M541,60.657 C535.114,60.657 530.342,55.887 530.342,50 C530.342,44.114 535.114,39.342 541,39.342 C546.887,39.342 551.658,44.114 551.658,50 C551.658,55.887 546.887,60.657 541,60.657 M541,33.886 C532.1,33.886 524.886,41.1 524.886,50 C524.886,58.899 532.1,66.113 541,66.113 C549.9,66.113 557.115,58.899 557.115,50 C557.115,41.1 549.9,33.886 541,33.886 M565.378,62.101 C565.244,65.022 564.756,66.606 564.346,67.663 C563.803,69.06 563.154,70.057 562.106,71.106 C561.058,72.155 560.06,72.803 558.662,73.347 C557.607,73.757 556.021,74.244 553.102,74.378 C549.944,74.521 548.997,74.552 541,74.552 C533.003,74.552 532.056,74.521 528.898,74.378 C525.979,74.244 524.393,73.757 523.338,73.347 C521.94,72.803 520.942,72.155 519.894,71.106 C518.846,70.057 518.197,69.06 517.654,67.663 C517.244,66.606 516.755,65.022 516.623,62.101 C516.479,58.943 516.448,57.996 516.448,50 C516.448,42.003 516.479,41.056 516.623,37.899 C516.755,34.978 517.244,33.391 517.654,32.338 C518.197,30.938 518.846,29.942 519.894,28.894 C520.942,27.846 521.94,27.196 523.338,26.654 C524.393,26.244 525.979,25.756 528.898,25.623 C532.057,25.479 533.004,25.448 541,25.448 C548.997,25.448 549.943,25.479 553.102,25.623 C556.021,25.756 557.607,26.244 558.662,26.654 C560.06,27.196 561.058,27.846 562.106,28.894 C563.154,29.942 563.803,30.938 564.346,32.338 C564.756,33.391 565.244,34.978 565.378,37.899 C565.522,41.056 565.552,42.003 565.552,50 C565.552,57.996 565.522,58.943 565.378,62.101 M570.82,37.631 C570.674,34.438 570.167,32.258 569.425,30.349 C568.659,28.377 567.633,26.702 565.965,25.035 C564.297,23.368 562.623,22.342 560.652,21.575 C558.743,20.834 556.562,20.326 553.369,20.18 C550.169,20.033 549.148,20 541,20 C532.853,20 531.831,20.033 528.631,20.18 C525.438,20.326 523.257,20.834 521.349,21.575 C519.376,22.342 517.703,23.368 516.035,25.035 C514.368,26.702 513.342,28.377 512.574,30.349 C511.834,32.258 511.326,34.438 511.181,37.631 C511.035,40.831 511,41.851 511,50 C511,58.147 511.035,59.17 511.181,62.369 C511.326,65.562 511.834,67.743 512.574,69.651 C513.342,71.625 514.368,73.296 516.035,74.965 C517.703,76.634 519.376,77.658 521.349,78.425 C523.257,79.167 525.438,79.673 528.631,79.82 C531.831,79.965 532.853,80.001 541,80.001 C549.148,80.001 550.169,79.965 553.369,79.82 C556.562,79.673 558.743,79.167 560.652,78.425 C562.623,77.658 564.297,76.634 565.965,74.965 C567.633,73.296 568.659,71.625 569.425,69.651 C570.167,67.743 570.674,65.562 570.82,62.369 C570.966,59.17 571,58.147 571,50 C571,41.851 570.966,40.831 570.82,37.631\"><\/path><\/g><\/g><\/g><\/svg><\/div>\n<div style=\"padding-top: 8px;\">\n<div style=\" color:#3897f0; font-family:Arial,sans-serif; font-size:14px; font-style:normal; font-weight:550; line-height:18px;\">View this post on Instagram<\/div>\n<\/div>\n<div style=\"padding: 12.5% 0;\"><\/div>\n<div style=\"display: flex; flex-direction: row; margin-bottom: 14px; align-items: center;\">\n<div>\n<div style=\"background-color: #F4F4F4; border-radius: 50%; height: 12.5px; width: 12.5px; transform: translateX(0px) translateY(7px);\"><\/div>\n<div style=\"background-color: #F4F4F4; height: 12.5px; transform: rotate(-45deg) translateX(3px) translateY(1px); width: 12.5px; flex-grow: 0; margin-right: 14px; margin-left: 2px;\"><\/div>\n<div style=\"background-color: #F4F4F4; border-radius: 50%; height: 12.5px; width: 12.5px; transform: translateX(9px) translateY(-18px);\"><\/div>\n<\/div>\n<div style=\"margin-left: 8px;\">\n<div style=\" background-color: #F4F4F4; border-radius: 50%; flex-grow: 0; height: 20px; width: 20px;\"><\/div>\n<div style=\" width: 0; height: 0; border-top: 2px solid transparent; border-left: 6px solid #f4f4f4; border-bottom: 2px solid transparent; transform: translateX(16px) translateY(-4px) rotate(30deg)\"><\/div>\n<\/div>\n<div style=\"margin-left: auto;\">\n<div style=\" width: 0px; border-top: 8px solid #F4F4F4; border-right: 8px solid transparent; transform: translateY(16px);\"><\/div>\n<div style=\" background-color: #F4F4F4; flex-grow: 0; height: 12px; width: 16px; transform: translateY(-4px);\"><\/div>\n<div style=\" width: 0; height: 0; border-top: 8px solid #F4F4F4; border-left: 8px solid transparent; transform: translateY(-4px) translateX(8px);\"><\/div>\n<\/div>\n<\/div>\n<div style=\"display: flex; flex-direction: column; flex-grow: 1; justify-content: center; margin-bottom: 24px;\">\n<div style=\" background-color: #F4F4F4; border-radius: 4px; flex-grow: 0; height: 14px; margin-bottom: 6px; width: 224px;\"><\/div>\n<div style=\" background-color: #F4F4F4; border-radius: 4px; flex-grow: 0; height: 14px; width: 144px;\"><\/div>\n<\/div>\n<p><\/a><\/p>\n<p style=\" color:#c9c8cd; font-family:Arial,sans-serif; font-size:14px; line-height:17px; margin-bottom:0; margin-top:8px; overflow:hidden; padding:8px 0 7px; text-align:center; text-overflow:ellipsis; white-space:nowrap;\"><a href=\"https:\/\/www.instagram.com\/p\/CwNDW-Yyrh1\/?utm_source=ig_embed&amp;utm_campaign=loading\" style=\" color:#c9c8cd; font-family:Arial,sans-serif; font-size:14px; font-style:normal; font-weight:normal; line-height:17px; text-decoration:none;\" target=\"_blank\" rel=\"noopener\">A post shared by Augusto Spineli | Sr. SEO &amp; Digital Nomad (@gutospineli)<\/a><\/p>\n<\/div>\n<\/blockquote>\n<p><script async src=\"\/\/www.instagram.com\/embed.js\"><\/script><\/p>\n\n\n\n<div style=\"height:18px\" aria-hidden=\"true\" class=\"wp-block-spacer\"><\/div>\n\n\n\n<p>I rented a motorhome and drove across half of Japan \ud83c\uddef\ud83c\uddf5 <br>I climbed Mount Fuji: 8 hours up, 4 hours down. It's like fucking C-R-A-Z-Y. <\/p>\n\n\n\n<p>In 2025, I went through one of the scariest moments of my nomad life:\na <a href=\"https:\/\/www.bbc.com\/news\/videos\/c20d0nxr2lmo\" target=\"_blank\" data-type=\"link\" data-id=\"https:\/\/www.bbc.com\/news\/videos\/c20d0nxr2lmo\" rel=\"noreferrer noopener nofollow\">7.7 magnitude earthquake<\/a> shook the building I was in \u2014 18th floor, Bangkok.\nFor a second, I thought it was the end. It wasn\u2019t lol<\/p>\n\n\n\n<p>I also spent 7 full days in total silence at Wat Ram Poeng monastery, up north in Thailand \ud83c\uddf9\ud83c\udded. Vipassana immersion. No phone, no talking, no contact with the outside world. Just silence.<br><br>\ud83d\udcec <em>Motorhome in Japan, silent retreat, earthquake in Bangkok\u2026 straight to your inbox. Subscribe and hop in.<\/em><\/p>\n\n\n<div class='fluentform ff-default fluentform_wrapper_4 ffs_default_wrap'><form data-form_id=\"4\" id=\"fluentform_4\" class=\"frm-fluent-form fluent_form_4 ff-el-form-top ff_form_instance_4_1 ff-form-loading ffs_default\" data-form_instance=\"ff_form_instance_4_1\" method=\"POST\" action=\"\" ><fieldset  style=\"border: none!important;margin: 0!important;padding: 0!important;background-color: transparent!important;box-shadow: none!important;outline: none!important; min-inline-size: 100%;\">\n                    <legend class=\"ff_screen_reader_title\" style=\"display: block; margin: 0!important;padding: 0!important;height: 0!important;text-indent: -999999px;width: 0!important;overflow:hidden;\">Newsletter - Meio dos textos<\/legend><input type='hidden' name='__fluent_form_embded_post_id' value='206' \/><input type=\"hidden\" id=\"_fluentform_4_fluentformnonce\" name=\"_fluentform_4_fluentformnonce\" value=\"bcf84b0abb\" \/><input type=\"hidden\" name=\"_wp_http_referer\" value=\"\/en\/wp-json\/wp\/v2\/pages\/206\" \/><div data-name=\"ff_cn_id_1\"  class='ff-t-container ff-column-container ff_columns_total_1'><div class='ff-t-cell ff-t-column-1' style='flex-basis: 100%;'><div class='ff-el-group ff-el-form-hide_label'><div class=\"ff-el-input--label ff-el-is-required asterisk-right\"><label for='ff_4_email' id='label_ff_4_email' aria-label=\"Email\">Email<\/label><\/div><div class='ff-el-input--content'><input type=\"email\" name=\"email\" id=\"ff_4_email\" class=\"ff-el-form-control\" placeholder=\"email\" data-name=\"email\"  aria-invalid=\"false\" aria-required=\"true\"><\/div><\/div><div class='ff-el-group ff-text-center ff_submit_btn_wrapper ff_submit_btn_wrapper_custom'><button class=\"ff-btn ff-btn-submit ff-btn-md ff_btn_style wpf_has_custom_css\" type=\"submit\" name=\"custom_submit_button-4_1\" data-name=\"custom_submit_button-4_1\"  aria-label=\"\u2709\ufe0f Leva esse caos bonito para seu e-mail\"> \u2709\ufe0f Leva esse caos bonito para seu e-mail<\/button><style>form.fluent_form_4 .wpf_has_custom_css.ff-btn-submit { background-color:rgba(201, 106, 80, 1);color:#ffffff;border-radius:40px;min-width:50%; }form.fluent_form_4 .wpf_has_custom_css.ff-btn-submit:hover { background-color:#ffffff;border-color:rgba(201, 106, 80, 1);color:rgba(201, 106, 80, 1);min-width:50%; } <\/style><\/div><\/div><\/div><\/fieldset><input type=\"hidden\" name=\"trp-form-language\" value=\"en\"\/><\/form><div id='fluentform_4_errors' class='ff-errors-in-stack ff_form_instance_4_1 ff-form-loading_errors ff_form_instance_4_1_errors'><\/div><\/div>            <script type=\"text\/javascript\">\n                window.fluent_form_ff_form_instance_4_1 = {\"id\":\"4\",\"settings\":{\"layout\":{\"labelPlacement\":\"top\",\"asteriskPlacement\":\"asterisk-right\",\"helpMessagePlacement\":\"with_label\",\"errorMessagePlacement\":\"inline\",\"cssClassName\":\"\"},\"restrictions\":{\"denyEmptySubmission\":{\"enabled\":false}}},\"form_instance\":\"ff_form_instance_4_1\",\"form_id_selector\":\"fluentform_4\",\"rules\":{\"email\":{\"required\":{\"value\":true,\"message\":\"This field is required\",\"global\":true,\"global_message\":\"Este campo \\u00e9 obrigat\\u00f3rio\"},\"email\":{\"value\":true,\"message\":\"This field must contain a valid email\",\"global\":true,\"global_message\":\"Este campo deve conter um e-mail v\\u00e1lido\"}}},\"debounce_time\":300};\n                            <\/script>\n            \n\n\n\n<p>I\u2019m an SEO specialist I rank keywords at the top of Google and AI platforms like ChatGPT, Gemini, DeepSeek, Manus and more.\nI mentor startups and international companies, and I teach people how to build a nomadic lifestyle with their feet on the ground no romantic BS. This life\u2019s beautiful, but it takes guts (and money in the bank).<\/p>\n\n\n\n<style>\n  .somente-desktop {\n    display: block;\n    text-align: center;\n  }\n\n  @media (max-width: 768px) {\n    .somente-desktop {\n      display: none !important;\n    }\n  }\n\n  .somente-desktop img {\n    display: block;\n    margin: 0 auto;\n    height: auto;\n    max-width: 100%;\n  }\n<\/style>\n\n<div class=\"somente-desktop\">\n  <a href=\"https:\/\/vivendo.world\/en\/o-movimento-comeca-agora\/\">\n    <img loading=\"lazy\" decoding=\"async\" width=\"800\" height=\"200\" src=\"https:\/\/vivendo.world\/wp-content\/uploads\/2025\/07\/Vida-nomade-Augusto-Spineli-1.png\" alt=\"Vida N\u00f4made para desktop\" class=\"wp-image-267\" srcset=\"https:\/\/vivendo.world\/wp-content\/uploads\/2025\/07\/Vida-nomade-Augusto-Spineli-1.png 800w, https:\/\/vivendo.world\/wp-content\/uploads\/2025\/07\/Vida-nomade-Augusto-Spineli-1-300x75.png 300w, https:\/\/vivendo.world\/wp-content\/uploads\/2025\/07\/Vida-nomade-Augusto-Spineli-1-768x192.png 768w, https:\/\/vivendo.world\/wp-content\/uploads\/2025\/07\/Vida-nomade-Augusto-Spineli-1-18x5.png 18w, https:\/\/vivendo.world\/wp-content\/uploads\/2025\/07\/Vida-nomade-Augusto-Spineli-1-150x38.png 150w\" sizes=\"auto, (max-width: 800px) 100vw, 800px\" \/>\n  <\/a>\n<\/div>\n\n\n\n\n<style>\n.somente-mobile {\n  display: none;\n  text-align: center;\n}\n\n@media (max-width: 768px) {\n  .somente-mobile {\n    display: block !important;\n  }\n\n  .somente-mobile img {\n    width: 100%;\n    height: auto;\n    object-fit: cover;\n    max-width: 100%;\n    display: block;\n    margin: 0 auto;\n    padding: 0;\n  }\n}\n<\/style>\n\n<div class=\"somente-mobile\">\n  <a href=\"https:\/\/vivendo.world\/en\/o-movimento-comeca-agora\/\">\n    <img loading=\"lazy\" decoding=\"async\" width=\"711\" height=\"1024\" src=\"https:\/\/vivendo.world\/wp-content\/uploads\/2025\/07\/Vida-nomade-Augusto-Spineli-3-711x1024.png\" alt=\"Vida N\u00f4made para mobile\" class=\"wp-image-274\" srcset=\"https:\/\/vivendo.world\/wp-content\/uploads\/2025\/07\/Vida-nomade-Augusto-Spineli-3-711x1024.png 711w, https:\/\/vivendo.world\/wp-content\/uploads\/2025\/07\/Vida-nomade-Augusto-Spineli-3-208x300.png 208w, https:\/\/vivendo.world\/wp-content\/uploads\/2025\/07\/Vida-nomade-Augusto-Spineli-3-8x12.png 8w, https:\/\/vivendo.world\/wp-content\/uploads\/2025\/07\/Vida-nomade-Augusto-Spineli-3-150x216.png 150w, https:\/\/vivendo.world\/wp-content\/uploads\/2025\/07\/Vida-nomade-Augusto-Spineli-3.png 750w\" sizes=\"auto, (max-width: 711px) 100vw, 711px\" \/>\n  <\/a>\n<\/div>\n\n\n\n\n<p><strong>I don\u2019t sell the dream of working with a laptop on the beach.<\/strong> What I share is freedom with strategy, comfort with consistency. Real bourgeois nomad life \u2014 with planning, smart routes, good coffee, great parties, strong connections, epic spots and, of course, solid Wi-Fi.<\/p>\n\n\n\n<p>This whole \u201chardcore backpacker\u201d thing living off struggle and stolen Wi-Fi that\u2019s not my vibe.\nIf that\u2019s what you\u2019re looking for, I\u2019m not the right person to guide you.<\/p>\n\n\n\n<p>But if you want to build a life on the move <strong>without giving up brains, comfort, and the epic experiences this lifestyle can bring\u2026<\/strong>Then yeah, we should definitely talk.<\/p>\n\n\n\n<div class=\"wp-block-buttons is-content-justification-center is-layout-flex wp-container-core-buttons-is-layout-a89b3969 wp-block-buttons-is-layout-flex\">\n<div class=\"wp-block-button\"><a class=\"wp-block-button__link has-text-align-center wp-element-button\" href=\"https:\/\/vivendo.world\/en\/o-movimento-comeca-agora\/\">\ud83c\udf0d Hit me up\u2026 if you dare<\/a><\/div>\n<\/div>\n\n\n\n<p>I run a podcast called <strong><a href=\"https:\/\/open.spotify.com\/show\/57zV1SOZazJ3hQoWhOwREO?si=7073b6ad647a4e0a\" target=\"_blank\" data-type=\"link\" data-id=\"https:\/\/open.spotify.com\/show\/57zV1SOZazJ3hQoWhOwREO?si=7073b6ad647a4e0a\" rel=\"noreferrer noopener\">Vida N\u00f4made \/ Papo N\u00f4made<\/a><\/strong>where I talk to travelers about real stuff. Zero filters.<\/p>\n\n\n\n<p>Adventurer, marketer, writer, educator, Buddhist, content creator, part-time influencer, barstool philosopher, speaker, wanderer. Pick your label. Doesn\u2019t matter the order.<\/p>\n\n\n\n<p>At the end of the day, labels don\u2019t really matter.\nI just want to keep moving inside and out.\nAnd if I can, show the way to others who want to move too.<\/p>","protected":false},"excerpt":{"rendered":"<p>Nasci em Tabatinga (SP), em 1993. Sou budista. Desde 2021, vivo uma vida n\u00f4made. J\u00e1 passei por +20 pa\u00edses e, at\u00e9 onde sei, meu CEP atual \u00e9 a \u00c1sia. J\u00e1 fui um CLT fudido (no mal sentido, claro), sa\u00ed no Estad\u00e3o de Minas como fundador de uma startup de tecnologia, participei de campanhas com influenciadores [&hellip;]<\/p>","protected":false},"author":2,"featured_media":0,"parent":0,"menu_order":0,"comment_status":"closed","ping_status":"closed","template":"","meta":{"episode_type":"","audio_file":"","cover_image":"","cover_image_id":"","duration":"","filesize":"","date_recorded":"","explicit":"","block":"","itunes_episode_number":"","itunes_title":"","itunes_season_number":"","itunes_episode_type":"","filesize_raw":"","footnotes":""},"class_list":["post-206","page","type-page","status-publish","hentry"],"_links":{"self":[{"href":"https:\/\/vivendo.world\/en\/wp-json\/wp\/v2\/pages\/206","targetHints":{"allow":["GET"]}}],"collection":[{"href":"https:\/\/vivendo.world\/en\/wp-json\/wp\/v2\/pages"}],"about":[{"href":"https:\/\/vivendo.world\/en\/wp-json\/wp\/v2\/types\/page"}],"author":[{"embeddable":true,"href":"https:\/\/vivendo.world\/en\/wp-json\/wp\/v2\/users\/2"}],"replies":[{"embeddable":true,"href":"https:\/\/vivendo.world\/en\/wp-json\/wp\/v2\/comments?post=206"}],"version-history":[{"count":31,"href":"https:\/\/vivendo.world\/en\/wp-json\/wp\/v2\/pages\/206\/revisions"}],"predecessor-version":[{"id":336,"href":"https:\/\/vivendo.world\/en\/wp-json\/wp\/v2\/pages\/206\/revisions\/336"}],"wp:attachment":[{"href":"https:\/\/vivendo.world\/en\/wp-json\/wp\/v2\/media?parent=206"}],"curies":[{"name":"wp","href":"https:\/\/api.w.org\/{rel}","templated":true}]}}