{"id":109,"date":"2025-07-15T00:32:24","date_gmt":"2025-07-15T00:32:24","guid":{"rendered":"https:\/\/vivendo.world\/?page_id=109"},"modified":"2025-07-24T15:20:15","modified_gmt":"2025-07-24T15:20:15","slug":"manifesto","status":"publish","type":"page","link":"https:\/\/vivendo.world\/pt\/manifesto\/","title":{"rendered":"\ud83c\udf0f manifesto Vivendo.world"},"content":{"rendered":"\n<p>Eu n\u00e3o sigo rotas prontas.<br>Nem mapas alheios.<br>O que me guia n\u00e3o cabe no GPS.<br>\u00c9 a vontade de sentir, atravessar e me perder pra me encontrar.<\/p>\n\n\n\n<p>Levo comigo o essencial:<br>uma mala de 10kg,<br>um laptop com Wi-Fi<br>e a fome de viver tudo com presen\u00e7a.<\/p>\n\n\n\n<p>Fa\u00e7o do mundo meu escrit\u00f3rio,<br>das paisagens meus mestres,<br>dos encontros meus espelhos,<br>e da solitude, meu templo.<\/p>\n\n\n\n<p>Aqui, hist\u00f3rias n\u00e3o s\u00e3o turismo<strong>.<\/strong><br>S\u00e3o territ\u00f3rios de alma.<br>S\u00e3o experi\u00eancias que me transformam,<br>e talvez toquem voc\u00ea tamb\u00e9m.<\/p>\n\n\n\n<p>Eu escrevo pra lembrar que:<br>Mudar \u00e9 poss\u00edvel.<br>Leveza \u00e9 coragem.<br>Liberdade \u00e9 escolha di\u00e1ria.<br>E viver, de verdade, \u00e9 o maior ato de rebeldia.<\/p>\n\n\n\n<p>Esse \u00e9 meu caminho em movimento.<br><strong>Vivendo o mundo. Vivendo em mim.<\/strong><\/p>\n\n\n\n<p>Seja bem-vindo(a).<\/p>\n\n\n\n<div class=\"wp-block-buttons alignfull is-content-justification-center is-layout-flex wp-container-core-buttons-is-layout-a89b3969 wp-block-buttons-is-layout-flex\">\n<div class=\"wp-block-button is-style-fill\"><a class=\"wp-block-button__link has-text-align-center wp-element-button\" href=\"https:\/\/vivendo.world\/pt\/augusto-spineli-2\/\">\ud83e\udded O N\u00f4made por tr\u00e1s das palavras<\/a><\/div>\n<\/div>\n\n\n\n<blockquote class=\"wp-block-quote is-layout-flow wp-block-quote-is-layout-flow\">\n<p class=\"has-text-align-center\">Sobre mim? Um teaser de quem largou o script pra escrever o pr\u00f3prio caos<\/p>\n<\/blockquote>\n","protected":false},"excerpt":{"rendered":"<p>Eu n\u00e3o sigo rotas prontas.Nem mapas alheios.O que me guia n\u00e3o cabe no GPS.\u00c9 a vontade de sentir, atravessar e me perder pra me encontrar. Levo comigo o essencial:uma mala de 10kg,um laptop com Wi-Fie a fome de viver tudo com presen\u00e7a. Fa\u00e7o do mundo meu escrit\u00f3rio,das paisagens meus mestres,dos encontros meus espelhos,e da solitude, [&hellip;]<\/p>\n","protected":false},"author":2,"featured_media":0,"parent":0,"menu_order":0,"comment_status":"closed","ping_status":"closed","template":"","meta":{"episode_type":"","audio_file":"","podmotor_file_id":"","podmotor_episode_id":"","cover_image":"","cover_image_id":"","duration":"","filesize":"","filesize_raw":"","date_recorded":"","explicit":"","block":"","itunes_episode_number":"","itunes_title":"","itunes_season_number":"","itunes_episode_type":"","footnotes":""},"class_list":["post-109","page","type-page","status-publish","hentry"],"_links":{"self":[{"href":"https:\/\/vivendo.world\/pt\/wp-json\/wp\/v2\/pages\/109","targetHints":{"allow":["GET"]}}],"collection":[{"href":"https:\/\/vivendo.world\/pt\/wp-json\/wp\/v2\/pages"}],"about":[{"href":"https:\/\/vivendo.world\/pt\/wp-json\/wp\/v2\/types\/page"}],"author":[{"embeddable":true,"href":"https:\/\/vivendo.world\/pt\/wp-json\/wp\/v2\/users\/2"}],"replies":[{"embeddable":true,"href":"https:\/\/vivendo.world\/pt\/wp-json\/wp\/v2\/comments?post=109"}],"version-history":[{"count":14,"href":"https:\/\/vivendo.world\/pt\/wp-json\/wp\/v2\/pages\/109\/revisions"}],"predecessor-version":[{"id":316,"href":"https:\/\/vivendo.world\/pt\/wp-json\/wp\/v2\/pages\/109\/revisions\/316"}],"wp:attachment":[{"href":"https:\/\/vivendo.world\/pt\/wp-json\/wp\/v2\/media?parent=109"}],"curies":[{"name":"wp","href":"https:\/\/api.w.org\/{rel}","templated":true}]}}