{"id":254,"date":"2025-07-23T07:03:09","date_gmt":"2025-07-23T07:03:09","guid":{"rendered":"https:\/\/vivendo.world\/?page_id=254"},"modified":"2026-02-06T04:06:29","modified_gmt":"2026-02-06T04:06:29","slug":"blog","status":"publish","type":"page","link":"https:\/\/vivendo.world\/pt\/blog\/","title":{"rendered":"Blog"},"content":{"rendered":"\n<div class=\"wp-block-group has-global-padding is-layout-constrained wp-block-group-is-layout-constrained\">\n<div class=\"wp-block-columns is-not-stacked-on-mobile is-layout-flex wp-container-core-columns-is-layout-28f84493 wp-block-columns-is-layout-flex\">\n<div class=\"wp-block-column is-layout-flow wp-block-column-is-layout-flow\" style=\"flex-basis:100%\"><ul style=\"border-style:none;border-width:0px; padding-top:0;padding-bottom:0;\" class=\"wp-block-latest-posts__list is-grid columns-3 has-link-color aligncenter wp-elements-a9c551f7b2f79d66207f33ae5a0b8613 wp-block-latest-posts has-text-color has-contrast-color\"><li><div class=\"wp-block-latest-posts__featured-image alignright\"><a href=\"https:\/\/vivendo.world\/pt\/filosofia-oriental\/\" aria-label=\"Filosofia oriental &amp; A Carta que Nunca Chegou\"><img loading=\"lazy\" decoding=\"async\" width=\"300\" height=\"300\" src=\"https:\/\/vivendo.world\/wp-content\/uploads\/2026\/02\/Filosofia-Oriental-vivendo.world_-300x300.png\" class=\"attachment-medium size-medium wp-post-image\" alt=\"filosofia oriental\" style=\"max-width:300px;max-height:300px;\" srcset=\"https:\/\/vivendo.world\/wp-content\/uploads\/2026\/02\/Filosofia-Oriental-vivendo.world_-300x300.png 300w, https:\/\/vivendo.world\/wp-content\/uploads\/2026\/02\/Filosofia-Oriental-vivendo.world_-150x150.png 150w, https:\/\/vivendo.world\/wp-content\/uploads\/2026\/02\/Filosofia-Oriental-vivendo.world_-12x12.png 12w, https:\/\/vivendo.world\/wp-content\/uploads\/2026\/02\/Filosofia-Oriental-vivendo.world_-96x96.png 96w, https:\/\/vivendo.world\/wp-content\/uploads\/2026\/02\/Filosofia-Oriental-vivendo.world_.png 500w\" sizes=\"auto, (max-width: 300px) 100vw, 300px\" \/><\/a><\/div><a class=\"wp-block-latest-posts__post-title\" href=\"https:\/\/vivendo.world\/pt\/filosofia-oriental\/\">Filosofia oriental &amp; A Carta que Nunca Chegou<\/a><div class=\"wp-block-latest-posts__post-excerpt\">Queridos amigos, Sempre me perguntam por que sou t\u00e3o fascinado\u2026 <a class=\"wp-block-latest-posts__read-more\" href=\"https:\/\/vivendo.world\/pt\/filosofia-oriental\/\" rel=\"noopener noreferrer\">Leia mais<span class=\"screen-reader-text\">: Filosofia oriental &amp; A Carta que Nunca Chegou<\/span><\/a><\/div><\/li>\n<li><div class=\"wp-block-latest-posts__featured-image alignright\"><a href=\"https:\/\/vivendo.world\/pt\/aokigahara\/\" aria-label=\"O Que Deixei na Aokigahara\"><img loading=\"lazy\" decoding=\"async\" width=\"300\" height=\"300\" src=\"https:\/\/vivendo.world\/wp-content\/uploads\/2025\/09\/Aokigahara-300x300.png\" class=\"attachment-medium size-medium wp-post-image\" alt=\"Aokigahara\" style=\"max-width:300px;max-height:300px;\" srcset=\"https:\/\/vivendo.world\/wp-content\/uploads\/2025\/09\/Aokigahara-300x300.png 300w, https:\/\/vivendo.world\/wp-content\/uploads\/2025\/09\/Aokigahara-150x150.png 150w, https:\/\/vivendo.world\/wp-content\/uploads\/2025\/09\/Aokigahara-12x12.png 12w, https:\/\/vivendo.world\/wp-content\/uploads\/2025\/09\/Aokigahara-96x96.png 96w, https:\/\/vivendo.world\/wp-content\/uploads\/2025\/09\/Aokigahara.png 500w\" sizes=\"auto, (max-width: 300px) 100vw, 300px\" \/><\/a><\/div><a class=\"wp-block-latest-posts__post-title\" href=\"https:\/\/vivendo.world\/pt\/aokigahara\/\">O Que Deixei na Aokigahara<\/a><div class=\"wp-block-latest-posts__post-excerpt\">Quero falar sobre uma floresta que o mundo conhece por\u2026 <a class=\"wp-block-latest-posts__read-more\" href=\"https:\/\/vivendo.world\/pt\/aokigahara\/\" rel=\"noopener noreferrer\">Leia mais<span class=\"screen-reader-text\">: O Que Deixei na Aokigahara<\/span><\/a><\/div><\/li>\n<li><div class=\"wp-block-latest-posts__featured-image alignright\"><a href=\"https:\/\/vivendo.world\/pt\/sem-alcool\/\" aria-label=\"+600 dias sem \u00e1lcool: a coragem de dizer n\u00e3o\"><img loading=\"lazy\" decoding=\"async\" width=\"300\" height=\"300\" src=\"https:\/\/vivendo.world\/wp-content\/uploads\/2025\/07\/Augusto-Spineli-11-300x300.png\" class=\"attachment-medium size-medium wp-post-image\" alt=\"\" style=\"max-width:300px;max-height:300px;\" srcset=\"https:\/\/vivendo.world\/wp-content\/uploads\/2025\/07\/Augusto-Spineli-11-300x300.png 300w, https:\/\/vivendo.world\/wp-content\/uploads\/2025\/07\/Augusto-Spineli-11-150x150.png 150w, https:\/\/vivendo.world\/wp-content\/uploads\/2025\/07\/Augusto-Spineli-11-12x12.png 12w, https:\/\/vivendo.world\/wp-content\/uploads\/2025\/07\/Augusto-Spineli-11-96x96.png 96w, https:\/\/vivendo.world\/wp-content\/uploads\/2025\/07\/Augusto-Spineli-11.png 500w\" sizes=\"auto, (max-width: 300px) 100vw, 300px\" \/><\/a><\/div><a class=\"wp-block-latest-posts__post-title\" href=\"https:\/\/vivendo.world\/pt\/sem-alcool\/\">+600 dias sem \u00e1lcool: a coragem de dizer n\u00e3o<\/a><div class=\"wp-block-latest-posts__post-excerpt\">Comecei a beber cedo. Tinha 14 anos. Aquela curiosidade adolescente\u2026 <a class=\"wp-block-latest-posts__read-more\" href=\"https:\/\/vivendo.world\/pt\/sem-alcool\/\" rel=\"noopener noreferrer\">Leia mais<span class=\"screen-reader-text\">: +600 dias sem \u00e1lcool: a coragem de dizer n\u00e3o<\/span><\/a><\/div><\/li>\n<li><div class=\"wp-block-latest-posts__featured-image alignright\"><a href=\"https:\/\/vivendo.world\/pt\/liberdade-digital\/\" aria-label=\"Liberdade Digital: o nomadismo como resposta \u00e0 pris\u00e3o invis\u00edvel da vida moderna\"><img loading=\"lazy\" decoding=\"async\" width=\"300\" height=\"300\" src=\"https:\/\/vivendo.world\/wp-content\/uploads\/2025\/08\/liberdade-digital-agusto-spineli-300x300.png\" class=\"attachment-medium size-medium wp-post-image\" alt=\"liberdade digital agusto spineli\" style=\"max-width:300px;max-height:300px;\" srcset=\"https:\/\/vivendo.world\/wp-content\/uploads\/2025\/08\/liberdade-digital-agusto-spineli-300x300.png 300w, https:\/\/vivendo.world\/wp-content\/uploads\/2025\/08\/liberdade-digital-agusto-spineli-150x150.png 150w, https:\/\/vivendo.world\/wp-content\/uploads\/2025\/08\/liberdade-digital-agusto-spineli-12x12.png 12w, https:\/\/vivendo.world\/wp-content\/uploads\/2025\/08\/liberdade-digital-agusto-spineli-96x96.png 96w, https:\/\/vivendo.world\/wp-content\/uploads\/2025\/08\/liberdade-digital-agusto-spineli.png 500w\" sizes=\"auto, (max-width: 300px) 100vw, 300px\" \/><\/a><\/div><a class=\"wp-block-latest-posts__post-title\" href=\"https:\/\/vivendo.world\/pt\/liberdade-digital\/\">Liberdade Digital: o nomadismo como resposta \u00e0 pris\u00e3o invis\u00edvel da vida moderna<\/a><div class=\"wp-block-latest-posts__post-excerpt\">&#8220;Nunca fomos t\u00e3o conectados, nunca fomos t\u00e3o presos.&#8221; Come\u00e7ar com\u2026 <a class=\"wp-block-latest-posts__read-more\" href=\"https:\/\/vivendo.world\/pt\/liberdade-digital\/\" rel=\"noopener noreferrer\">Leia mais<span class=\"screen-reader-text\">: Liberdade Digital: o nomadismo como resposta \u00e0 pris\u00e3o invis\u00edvel da vida moderna<\/span><\/a><\/div><\/li>\n<\/ul><\/div>\n<\/div>\n<\/div>\n","protected":false},"excerpt":{"rendered":"","protected":false},"author":2,"featured_media":346,"parent":0,"menu_order":0,"comment_status":"closed","ping_status":"closed","template":"","meta":{"episode_type":"","audio_file":"","podmotor_file_id":"","podmotor_episode_id":"","cover_image":"","cover_image_id":"","duration":"","filesize":"","filesize_raw":"","date_recorded":"","explicit":"","block":"","itunes_episode_number":"","itunes_title":"","itunes_season_number":"","itunes_episode_type":"","footnotes":""},"class_list":["post-254","page","type-page","status-publish","has-post-thumbnail","hentry"],"_links":{"self":[{"href":"https:\/\/vivendo.world\/pt\/wp-json\/wp\/v2\/pages\/254","targetHints":{"allow":["GET"]}}],"collection":[{"href":"https:\/\/vivendo.world\/pt\/wp-json\/wp\/v2\/pages"}],"about":[{"href":"https:\/\/vivendo.world\/pt\/wp-json\/wp\/v2\/types\/page"}],"author":[{"embeddable":true,"href":"https:\/\/vivendo.world\/pt\/wp-json\/wp\/v2\/users\/2"}],"replies":[{"embeddable":true,"href":"https:\/\/vivendo.world\/pt\/wp-json\/wp\/v2\/comments?post=254"}],"version-history":[{"count":4,"href":"https:\/\/vivendo.world\/pt\/wp-json\/wp\/v2\/pages\/254\/revisions"}],"predecessor-version":[{"id":465,"href":"https:\/\/vivendo.world\/pt\/wp-json\/wp\/v2\/pages\/254\/revisions\/465"}],"wp:featuredmedia":[{"embeddable":true,"href":"https:\/\/vivendo.world\/pt\/wp-json\/wp\/v2\/media\/346"}],"wp:attachment":[{"href":"https:\/\/vivendo.world\/pt\/wp-json\/wp\/v2\/media?parent=254"}],"curies":[{"name":"wp","href":"https:\/\/api.w.org\/{rel}","templated":true}]}}