{"id":310,"date":"2025-07-24T15:18:15","date_gmt":"2025-07-24T15:18:15","guid":{"rendered":"https:\/\/vivendo.world\/?page_id=310"},"modified":"2025-08-07T03:41:29","modified_gmt":"2025-08-07T03:41:29","slug":"o-movimento-comeca-agora","status":"publish","type":"page","link":"https:\/\/vivendo.world\/pt\/o-movimento-comeca-agora\/","title":{"rendered":"Pronto pra viver em movimento?"},"content":{"rendered":"\n<div class=\"wp-block-group is-nowrap is-layout-flex wp-container-core-group-is-layout-6c531013 wp-block-group-is-layout-flex\">\n<p>\u270d\ufe0f Esse formul\u00e1rio \u00e9 voltado para pessoas que j\u00e1 t\u00eam uma base estruturada (profissional, financeira e emocional) e querem explorar a vida n\u00f4made internacional, com conforto e consciente. Se esse \u00e9 o seu momento, preencha com calma, honestidade e vontade de se transformar.<\/p>\n<\/div>\n\n\n<style>\n    .ff_conv_app_5 { background-color: #FFFFFF; }.ff_conv_app_5 .ffc-counter-div span { color: #5C7A57; }.ff_conv_app_5 .ffc-counter-div .counter-icon-span svg { fill: #5C7A57 !important; }.ff_conv_app_5 .f-label-wrap, .ff_conv_app_5 .f-answer { color: #5C7A57 !important; }.ff_conv_app_5 .f-label-wrap .f-key { border-color: #5C7A57 !important; }.ff_conv_app_5 .f-label-wrap .f-key-hint { border-color: #5C7A57 !important; }.ff_conv_app_5 .f-answer .f-radios-wrap ul li { background-color: rgba(92,122,87, 0.1) !important; border: 1px solid #5C7A57; }.ff_conv_app_5 .f-answer .f-radios-wrap ul li:focus { background-color: rgba(92,122,87, 0.3) !important }.ff_conv_app_5 .f-answer .f-radios-wrap ul li:hover { background-color: rgba(92,122,87, 0.3) !important }.ff_conv_app_5 .f-answer .f-radios-wrap ul li.f-selected .f-key { background-color: #5C7A57 !important; color: white; }.ff_conv_app_5 .f-answer .f-radios-wrap ul li.f-selected .f-key-hint { background-color: #5C7A57; }.ff_conv_app_5 .f-answer .f-radios-wrap ul li.f-selected svg { fill: #5C7A57 !important; }.ff_conv_app_5 .f-answer input, .ff_conv_app_5 .f-answer textarea{ color: #5C7A57 !important; box-shadow: #5C7A57 0px 1px; }.ff_conv_app_5 .f-answer input:focus, .ff_conv_app_5 .f-answer textarea:focus { box-shadow: #5C7A57 0px 2px !important; }.ff_conv_app_5 .f-answer textarea::placeholder, .ff_conv_app_5 .f-answer input::placeholder { color: #5C7A57 !important; }.ff_conv_app_5 .text-success { color: #5C7A57 !important; }.ff_conv_app_5 .f-answer .f-matrix-table tbody td { background-color: rgba(92,122,87, 0.1); }.ff_conv_app_5 .f-answer .f-matrix-table input { border-color: rgba(92,122,87, 0.8); }.ff_conv_app_5 .f-answer .f-matrix-table input.f-radio-control:checked::after { background-color: #5C7A57; }.ff_conv_app_5 .f-answer .f-matrix-table input:focus::before { border-color: #5C7A57; }.ff_conv_app_5 .f-answer .f-matrix-table input.f-checkbox-control:checked { background-color: #5C7A57; }.ff_conv_app_5 .f-answer .f-matrix-table tbody tr::after { border-right-color: #5C7A57; }.ff_conv_app_5 .f-answer .f-matrix-table .f-table-cell.f-row-cell { box-shadow: rgba(92,122,87, 0.1) 0px 0px 0px 100vh inset; }.ff_conv_app_5 .f-answer .ff_file_upload_field_wrap { background-color: rgba(92,122,87, 0.1); border-color: rgba(92,122,87, 0.8); }.ff_conv_app_5 .f-answer .ff_file_upload_field_wrap:hover { background-color: rgba(92,122,87, 0.3);}.ff_conv_app_5 .f-answer .ff_file_upload_field_wrap:focus-within { background-color: rgba(92,122,87, 0.3); }.ff_conv_app_5 .f-answer .ff-upload-preview { border-color: rgba(92,122,87, 0.8); }.ff_conv_app_5 .f-answer .ff-upload-preview .ff-upload-thumb { background-color: rgba(92,122,87, 0.3); }.ff_conv_app_5 .f-answer .ff-upload-preview .ff-upload-details { border-left-color: rgba(92,122,87, 0.8); }.ff_conv_app_5 .f-answer .ff-upload-preview .ff-upload-details .ff-el-progress { border-left-color: rgba(92,122,87, 0.8); }.ff_conv_app_5 .f-answer .ff-upload-preview .ff-upload-details .ff-el-progress { background-color: rgba(92,122,87, 0.1); }.ff_conv_app_5 .f-answer .ff-upload-preview .ff-upload-details .ff-el-progress .ff-el-progress-bar { background-color: #5C7A57; }.ff_conv_app_5 .f-answer .f-star-wrap .f-star-field-wrap::before { background-color: #5C7A57; }.ff_conv_app_5 .f-answer .f-star-wrap .f-star-field-wrap .f-star-field .f-star-field-star .symbolOutline { fill: #5C7A57; }.ff_conv_app_5 .f-answer .f-star-wrap .f-star-field-wrap .f-star-field .f-star-field-rating { color: #5C7A57; }.ff_conv_app_5 .f-answer .f-star-wrap .f-star-field-wrap.is-hovered .symbolFill { fill: rgba(92,122,87, 0.1); }.ff_conv_app_5 .f-answer .f-star-wrap .f-star-field-wrap.is-selected .symbolFill { fill: #5C7A57; }.ff_conv_app_5 .f-answer .f-payment-summary-wrap tbody td { background-color: rgba(92,122,87, 0.1); }.ff_conv_app_5 .f-answer .f-payment-summary-wrap tfoot th { background-color: rgba(92,122,87, 0.1); }.ff_conv_app_5 .f-answer .stripe-inline-holder { border-bottom: 1px solid #5C7A57; }.ff_conv_app_5 .f-answer .StripeElement--focus { border-bottom: 2.5px solid #5C7A57; }.ff_conv_app_5 .ff_conv_input .f-info { color: #5C7A57; }.ff_conv_app_5 .f-answer .el-slider__runway {background-color: #5C7A57;}.ff_conv_app_5 .fh2 .f-text { color: #3E3E3E; }.ff_conv_app_5 .fh2 .f-tagline, .ff_conv_app_5 .f-sub .f-help { color: rgba(62,62,62, 0.70); }.ff_conv_app_5 .fh2 .stripe-inline-header { color: #3E3E3E; }.ff_conv_app_5 .q-inner .o-btn-action, .ff_conv_app_5 .footer-inner-wrap .f-nav { background-color: #C96A50; }.ff_conv_app_5 .q-inner .o-btn-action span, .ff_conv_app_5 .footer-inner-wrap .f-nav a { color: #FFFFFF; } .ff_conv_app_5 .f-enter .f-enter-desc { color: #C96A50; }.ff_conv_app_5 .footer-inner-wrap .f-nav a svg { fill: #FFFFFF; }.ff_conv_app_5 .vff-footer .f-progress-bar { background-color: rgba(201,106,80, 0.3); }.ff_conv_app_5 .vff-footer .f-progress-bar-inner { background-color: #C96A50; }.ff_conv_app_5 .q-inner .o-btn-action:hover { background-color: #C96A50D6; }.ff_conv_app_5 .q-inner .o-btn-action:focus::after { border-radius: 6px; inset: -3px; box-shadow: #C96A50 0px 0px 0px 2px; }.ff_conv_app_5 .f-answer .f-radios-wrap ul li.f-selected .f-key { color: #FFFFFF; }.ff_conv_app_5 .footer-inner-wrap .f-nav a.ffc_power { display: none !important; }.ff_conv_app_5 .f-radios .f-key { display: flex !important; } .ff-btn-submit { background-color:rgba(201, 106, 80, 1);border-color:rgba(201, 106, 80, 1);color:#ffffff;min-width:100%; } .wpf_has_custom_css.ff-btn-submit:hover { background-color:#ffffff;border-color:rgba(201, 106, 80, 1);color:rgba(201, 106, 80, 1); } <\/style>\n<div class=\"ffc_conv_wrapper ffc_inline_form\">\n    <div class=\"frm-fluent-form ff_conv_app fluent_form_5 ff_conv_app_frame ff_conv_app_5 ffc_media_hide_mob_no\" data-form_id=\"5\">\n        <div data-var_name=\"fluent_forms_global_var_1\" class=\"ffc_conv_form\" style=\"width: 100%\" id=\"ffc_app_instance_1\"><\/div>\n    <\/div>\n<\/div>\n\n\n\n\n<p>\u3069\u3046\u3044\u305f\u3057\u307e\u3057\u3066 por compartilhar um pouco da sua jornada.<br>A estrada n\u00e3o come\u00e7a com uma mala pronta, come\u00e7a com clareza.<\/p>\n","protected":false},"excerpt":{"rendered":"<p>\u270d\ufe0f Esse formul\u00e1rio \u00e9 voltado para pessoas que j\u00e1 t\u00eam uma base estruturada (profissional, financeira e emocional) e querem explorar a vida n\u00f4made internacional, com conforto e consciente. Se esse \u00e9 o seu momento, preencha com calma, honestidade e vontade de se transformar. \u3069\u3046\u3044\u305f\u3057\u307e\u3057\u3066 por compartilhar um pouco da sua jornada.A estrada n\u00e3o come\u00e7a com [&hellip;]<\/p>\n","protected":false},"author":2,"featured_media":0,"parent":0,"menu_order":0,"comment_status":"closed","ping_status":"closed","template":"","meta":{"episode_type":"","audio_file":"","cover_image":"","cover_image_id":"","duration":"","filesize":"","date_recorded":"","explicit":"","block":"","itunes_episode_number":"","itunes_title":"","itunes_season_number":"","itunes_episode_type":"","filesize_raw":"","footnotes":""},"class_list":["post-310","page","type-page","status-publish","hentry"],"_links":{"self":[{"href":"https:\/\/vivendo.world\/pt\/wp-json\/wp\/v2\/pages\/310","targetHints":{"allow":["GET"]}}],"collection":[{"href":"https:\/\/vivendo.world\/pt\/wp-json\/wp\/v2\/pages"}],"about":[{"href":"https:\/\/vivendo.world\/pt\/wp-json\/wp\/v2\/types\/page"}],"author":[{"embeddable":true,"href":"https:\/\/vivendo.world\/pt\/wp-json\/wp\/v2\/users\/2"}],"replies":[{"embeddable":true,"href":"https:\/\/vivendo.world\/pt\/wp-json\/wp\/v2\/comments?post=310"}],"version-history":[{"count":7,"href":"https:\/\/vivendo.world\/pt\/wp-json\/wp\/v2\/pages\/310\/revisions"}],"predecessor-version":[{"id":368,"href":"https:\/\/vivendo.world\/pt\/wp-json\/wp\/v2\/pages\/310\/revisions\/368"}],"wp:attachment":[{"href":"https:\/\/vivendo.world\/pt\/wp-json\/wp\/v2\/media?parent=310"}],"curies":[{"name":"wp","href":"https:\/\/api.w.org\/{rel}","templated":true}]}}